{"id":151,"date":"2020-03-21T06:47:08","date_gmt":"2020-03-21T06:47:08","guid":{"rendered":"http:\/\/neu.lsc-borkenberge.de\/?page_id=151"},"modified":"2023-10-27T10:39:49","modified_gmt":"2023-10-27T10:39:49","slug":"vhs-kurse","status":"publish","type":"page","link":"https:\/\/lsc-borkenberge.de\/vhs-kurse\/","title":{"rendered":"VHS-Kurse"},"content":{"rendered":"\n<p>Seit 2012 bieten wir bereits regelm\u00e4\u00dfig eint\u00e4gige Schnupperkurse in Zusammenarbeit mit den Volkshochschulen <a href=\"https:\/\/vhs-luedinghausen.de\/\">L\u00fcdinghausen<\/a> und <a href=\"https:\/\/vhs.muenster.de\/\">M\u00fcnster<\/a> an. Die eint\u00e4gigen Kurse finden samstags statt und beinhalten auch einen Schnupperflug in einem Motorflugzeug f\u00fcr jeden Teilnehmer. Unsere Kurse erfreuen sich gro\u00dfer Beliebtheit und mittlerweile durften wir so schon \u00fcber 280 Teilnehmern unser Hobby n\u00e4her bringen (Stand April 2022). <\/p>\n\n\n\n<p>Du findest die Kurse regelm\u00e4\u00dfig in den Programmheften oder den Homepages der oben genannten Volkshochschulen. Dort sind die Kurse auch zu buchen. Eine \u00dcbersicht der aktuell geplanten und buchbaren Termine findest Du auch weiter unten.<\/p>\n\n\n\n<p>Hier die genaue Kursbeschreibung aus dem Programmheft:<\/p>\n\n\n\n<blockquote class=\"wp-block-quote is-layout-flow wp-block-quote-is-layout-flow\">\n<p><strong>Schnupperkurs Motorflug<\/strong><br>Dieser Kurs bietet Ihnen die Gelegenheit, \u201eMotorfliegen\u201c einmal hautnah zu erleben. Lernen Sie dieses Hobby und die Menschen kennen, die es mit Leidenschaft betreiben. Der Tag beginnt mit einer kurzweiligen theoretischen Einf\u00fchrung in den Motorflugsport. In den R\u00e4umen des Luftsportclubs Borkenberge e. V. am Flugplatz Borkenberge erfahren Sie im gem\u00fctlichen Flieger-Ambiente, woraus sich eine Pilotenausbildung in Theorie und Praxis zusammensetzt. Gerne geben wir Ihnen auch hilfreiche Hinweise f\u00fcr einen m\u00f6glichen Einstieg in dieses Hobby. Anschlie\u00dfend sehen wir uns gemeinsam ein Motorflugzeug aus der N\u00e4he an und erkl\u00e4ren dessen Aufbau, Steuerung und die Bordinstrumente. Nach einer kurzen Besichtigung auf dem Turm bieten wir Ihnen dann einen Schnupperflug in einem Motorflugzeug an. Die Kosten sind in der Kursgeb\u00fchr enthalten. Bei schlechten Wetterbedingungen erhalten Sie einen Gutschein und k\u00f6nnen den Flug dann auch sp\u00e4ter nachholen. <\/p>\n<cite>Aus den VHS-Programmheften L\u00fcdinghausen und M\u00fcnster<\/cite><\/blockquote>\n\n\n\n<p>Wir haben auch ein kurzes Video, in dem wir den Schnupperkurs vorstellen.<\/p>\n\n\n\n<figure class=\"wp-block-embed is-type-video is-provider-youtube wp-block-embed-youtube wp-embed-aspect-16-9 wp-has-aspect-ratio\"><div class=\"wp-block-embed__wrapper\">\n<iframe loading=\"lazy\" title=\"Schnupperkurs Motorflug - Der Traum vom Fliegen\" width=\"525\" height=\"295\" src=\"https:\/\/www.youtube.com\/embed\/_Jw_4-hgMFo?feature=oembed\" frameborder=\"0\" allow=\"accelerometer; autoplay; clipboard-write; encrypted-media; gyroscope; picture-in-picture; web-share\" referrerpolicy=\"strict-origin-when-cross-origin\" allowfullscreen><\/iframe>\n<\/div><\/figure>\n\n\n\n<p><\/p>\n\n\n\n<p>Unsere VHS-Kurse werden immer ein Jahr im voraus geplant. Eine \u00dcbersicht der geplanten Termine findest Du auf unserer <a href=\"https:\/\/lsc-borkenberge.de\/?page_id=538\" data-type=\"page\" data-id=\"538\">Terminseite<\/a>. Die Kurse kannst Du immer direkt \u00fcber die <a href=\"http:\/\/www.vhs-luedinghausen.de\" data-type=\"URL\" data-id=\"www.vhs-luedinghausen.de\">Volkshochschulen L\u00fcdinghausen<\/a> oder <a href=\"http:\/\/vhs.muenster.de\" data-type=\"URL\" data-id=\"vhs.muenster.de\">M\u00fcnster<\/a> buchen, sobald sie in deren Programm ver\u00f6ffentlicht wurden.<\/p>\n\n\n\n<p class=\"has-small-font-size\"><\/p>\n\n\n\n<p>Wenn Du Fragen zu unserem Schnupperkurs hast oder Du vielleicht auch Interesse an einem individuellen Termin in diesem Format f\u00fcr Dich und Deine Freunde oder Arbeitskollegen hast (mindestens 8 Teilnehmer) dann kannst Du Dich gerne \u00fcber die <a href=\"https:\/\/lsc-borkenberge.de\/?page_id=87\" data-type=\"page\" data-id=\"87\">Kontaktseite<\/a> bei uns melden. <\/p>\n\n\n\n<hr class=\"wp-block-separator has-css-opacity\"\/>\n","protected":false},"excerpt":{"rendered":"<p>Seit 2012 bieten wir bereits regelm\u00e4\u00dfig eint\u00e4gige Schnupperkurse in Zusammenarbeit mit den Volkshochschulen L\u00fcdinghausen und M\u00fcnster an. Die eint\u00e4gigen Kurse finden samstags statt und beinhalten auch einen Schnupperflug in einem Motorflugzeug f\u00fcr jeden Teilnehmer. Unsere Kurse erfreuen sich gro\u00dfer Beliebtheit und mittlerweile durften wir so schon \u00fcber 280 Teilnehmern unser Hobby n\u00e4her bringen (Stand April &hellip; <\/p>\n<p class=\"link-more\"><a href=\"https:\/\/lsc-borkenberge.de\/vhs-kurse\/\" class=\"more-link\"><span class=\"screen-reader-text\">\u201eVHS-Kurse\u201c <\/span>weiterlesen<\/a><\/p>\n","protected":false},"author":1,"featured_media":0,"parent":0,"menu_order":0,"comment_status":"closed","ping_status":"closed","template":"templates\/full-width-page.php","meta":{"jetpack_post_was_ever_published":false,"footnotes":""},"class_list":["post-151","page","type-page","status-publish","hentry"],"jetpack_sharing_enabled":true,"_links":{"self":[{"href":"https:\/\/lsc-borkenberge.de\/wp-json\/wp\/v2\/pages\/151","targetHints":{"allow":["GET"]}}],"collection":[{"href":"https:\/\/lsc-borkenberge.de\/wp-json\/wp\/v2\/pages"}],"about":[{"href":"https:\/\/lsc-borkenberge.de\/wp-json\/wp\/v2\/types\/page"}],"author":[{"embeddable":true,"href":"https:\/\/lsc-borkenberge.de\/wp-json\/wp\/v2\/users\/1"}],"replies":[{"embeddable":true,"href":"https:\/\/lsc-borkenberge.de\/wp-json\/wp\/v2\/comments?post=151"}],"version-history":[{"count":27,"href":"https:\/\/lsc-borkenberge.de\/wp-json\/wp\/v2\/pages\/151\/revisions"}],"predecessor-version":[{"id":1195,"href":"https:\/\/lsc-borkenberge.de\/wp-json\/wp\/v2\/pages\/151\/revisions\/1195"}],"wp:attachment":[{"href":"https:\/\/lsc-borkenberge.de\/wp-json\/wp\/v2\/media?parent=151"}],"curies":[{"name":"wp","href":"https:\/\/api.w.org\/{rel}","templated":true}]}}